{"id":68,"date":"2014-10-22T09:40:30","date_gmt":"2014-10-22T09:40:30","guid":{"rendered":"http:\/\/www.buraksuatgorgun.com.tr\/?page_id=2"},"modified":"2025-12-16T06:42:38","modified_gmt":"2025-12-16T06:42:38","slug":"about","status":"publish","type":"page","link":"https:\/\/www.buraksuatgorgun.com.tr\/index.php\/about\/","title":{"rendered":"Hakk\u0131mda"},"content":{"rendered":"\n<div class=\"gtranslate_wrapper\" id=\"gt-wrapper-49878652\"><\/div>\n\n\n<p>Selamlar,<\/p>\n<audio class=\"wp-audio-shortcode\" id=\"audio-68-1\" preload=\"none\" style=\"width: 100%;\" controls=\"controls\"><source type=\"audio\/mpeg\" src=\"http:\/\/www.buraksuatgorgun.com.tr\/wp-content\/uploads\/X-VS-Zero.mp3?_=1\" \/><a href=\"http:\/\/www.buraksuatgorgun.com.tr\/wp-content\/uploads\/X-VS-Zero.mp3\">http:\/\/www.buraksuatgorgun.com.tr\/wp-content\/uploads\/X-VS-Zero.mp3<\/a><\/audio>\n<p>1989 y\u0131l\u0131nda \u0130zmir&#8217;de do\u011fdum.<\/p>\n<p>1990 da Antalya&#8217;n\u0131n Kemer il\u00e7esine yerle\u015fmi\u015fiz, sonra 2002 y\u0131l\u0131nda tekrar \u0130zmir&#8217;e Antalya&#8217;dan &#8220;ka\u00e7arcas\u0131na&#8221; d\u00f6nd\u00fcm.<\/p>\n<p>Antalya&#8217;da \u00e7ok zay\u0131f oldu\u011fumu hat\u0131rlar\u0131m, \u0130zmir&#8217;e d\u00f6nd\u00fc\u011f\u00fcmde t\u00fcm arkada\u015flar\u0131m\u0131 kaybetmemin depresyonu ile kendimi yeme\u011fe verip muhte\u015fem g\u00f6be\u011fimi kazand\u0131\u011f\u0131m\u0131 d\u00fc\u015f\u00fcn\u00fcyorum.<br \/>End\u00fcstri Meslek Lisesinde Elektrik b\u00f6l\u00fcm\u00fc bitirdim. Okul bana en sa\u011flam arkada\u015fl\u0131klar\u0131m\u0131 kazand\u0131rd\u0131, Lisede canavar gibi 2 dost kazansam da,\u00a0 genel olarak arkada\u015flar\u0131m olsa da pek sosyal biri de\u011fildim, ta ki topluluklarla tan\u0131\u015fana kadar.<\/p>\n<p>\u0130lk olarak Oyungezer \u0130zmir tak\u0131m\u0131 ile kendimi anlamad\u0131\u011f\u0131m bir pop\u00fcleritenin i\u00e7inde buldum. G\u00f6nl\u00fcmce sa\u00e7mal\u0131yordum ve insanlar da buna bay\u0131l\u0131yordu, Win&amp;Win durumu yani.<\/p>\n<p>Sonra Cosplay d\u00fcnyas\u0131n\u0131n i\u00e7inde buldum kendimi, pek fazla arkada\u015f edinsem de\u00a0tamam\u0131na yak\u0131n\u0131 saman alevi, bahar nezlesi gibilerdi. \u00c7abucak ge\u00e7ip gittiler, ba\u015f\u0131m\u0131 \u00e7ok a\u011fr\u0131tmad\u0131lar \u015f\u00fck\u00fcr. Cosplay ortam\u0131nda bulundu\u011fum senelerde de anlamad\u0131\u011f\u0131m ama egomu ok\u015fayan muhte\u015fem bir pop\u00fcleritenin i\u00e7indeydim. Bu s\u0131ralarda Netdirekt A.\u015e.&#8217;de i\u015fe ba\u015flad\u0131m, hayat\u0131ma katt\u0131\u011f\u0131m en g\u00fczel art\u0131yd\u0131.<\/p>\n<p>Cosplay&#8217;e duydu\u011fum ilginin hayat\u0131m\u0131n ve i\u015fimin \u00f6n\u00fcne kaymas\u0131 sebebi ile uzunca bir s\u00fcre Cosplay&#8217;e ara verdim, i\u015fimdeki performans\u0131n ne kadar artt\u0131\u011f\u0131n\u0131 tahmin bile edemezsiniz, Aran\u0131zda Cosplay ile u\u011fra\u015fan varsa ve hayat\u0131 k\u00f6t\u00fcye gidiyorsa ara versin, 3 vakite kadar olumlu geli\u015fmeler ile kar\u015f\u0131la\u015facak.<\/p>\n<p>K\u0131saca ben kimim?<\/p>\n<p>E\u011flenceli oldu\u011funa inanan,<br \/>Eskiden 2 laf\u0131n ba\u015f\u0131nda \u00f6ks\u00fcren ve s\u00fcrekli \u00f6ks\u00fcr\u00fck krizinde olan, ancak sigaray\u0131 b\u0131rakmas\u0131 ile canavar gibi olup art\u0131k g\u00f6nl\u00fcnce g\u00fclebilen,<br \/>Fiziksel direnci \u00e7ok y\u00fcksek oldu\u011fu i\u00e7in Panzer lakab\u0131n\u0131 kazanm\u0131\u015f,<br \/>Pek \u00e7ok acayip olay\u0131 olan biriyim.<\/p>\n<p>2006 dan beri DeviantArt \u00fczerinde amat\u00f6r \u00e7izimlerimi yay\u0131nlar\u0131m, hesaplar\u0131m\u0131 kapatm\u0131\u015f olsam da 2007 de e\u015fim Estelle ile DeviantArt \u00fczerinden tan\u0131\u015fm\u0131\u015f idik. 13 Kas\u0131m 2023 te y\u00fczy\u00fcze tan\u0131\u015fmak i\u00e7in \u0130sve\u00e7&#8217;e gitmem ile beraber birbirimize tutulduk ve 21 Kas\u0131m 2023 ten itibaren \u00e7iftiz. (2025 A\u011fustos&#8217;ta evlendik)\u00a0<\/p>\n<p>E\u015fim benden de iyi \u00e7izer &lt;3<\/p>\n<p>2025 y\u0131l\u0131nda DEHB \/ ADHD tan\u0131s\u0131 konuldu ancak bu tan\u0131ya sahip t\u00fcm arkada\u015flar\u0131m zaten bunun a\u015f\u0131r\u0131 belli oldu\u011funu iletiyorlar. Yine de herhangi bir ila\u00e7 kullanm\u0131yorum bunun i\u00e7in.<\/p>\n<p>Memnun oldum~<\/p>","protected":false},"excerpt":{"rendered":"<p>Selamlar, 1989 y\u0131l\u0131nda \u0130zmir&#8217;de do\u011fdum. 1990 da Antalya&#8217;n\u0131n Kemer il\u00e7esine yerle\u015fmi\u015fiz, sonra 2002 y\u0131l\u0131nda tekrar \u0130zmir&#8217;e Antalya&#8217;dan &#8220;ka\u00e7arcas\u0131na&#8221; d\u00f6nd\u00fcm. Antalya&#8217;da \u00e7ok zay\u0131f oldu\u011fumu hat\u0131rlar\u0131m, \u0130zmir&#8217;e d\u00f6nd\u00fc\u011f\u00fcmde t\u00fcm arkada\u015flar\u0131m\u0131 kaybetmemin depresyonu ile kendimi yeme\u011fe verip muhte\u015fem g\u00f6be\u011fimi kazand\u0131\u011f\u0131m\u0131 d\u00fc\u015f\u00fcn\u00fcyorum.End\u00fcstri Meslek Lisesinde Elektrik b\u00f6l\u00fcm\u00fc bitirdim. Okul bana en sa\u011flam arkada\u015fl\u0131klar\u0131m\u0131 kazand\u0131rd\u0131, Lisede canavar gibi 2 dost kazansam [&hellip;]<\/p>\n","protected":false},"author":1,"featured_media":0,"parent":0,"menu_order":0,"comment_status":"open","ping_status":"open","template":"","meta":{"footnotes":""},"class_list":["post-68","page","type-page","status-publish","hentry"],"_links":{"self":[{"href":"https:\/\/www.buraksuatgorgun.com.tr\/index.php\/wp-json\/wp\/v2\/pages\/68","targetHints":{"allow":["GET"]}}],"collection":[{"href":"https:\/\/www.buraksuatgorgun.com.tr\/index.php\/wp-json\/wp\/v2\/pages"}],"about":[{"href":"https:\/\/www.buraksuatgorgun.com.tr\/index.php\/wp-json\/wp\/v2\/types\/page"}],"author":[{"embeddable":true,"href":"https:\/\/www.buraksuatgorgun.com.tr\/index.php\/wp-json\/wp\/v2\/users\/1"}],"replies":[{"embeddable":true,"href":"https:\/\/www.buraksuatgorgun.com.tr\/index.php\/wp-json\/wp\/v2\/comments?post=68"}],"version-history":[{"count":2,"href":"https:\/\/www.buraksuatgorgun.com.tr\/index.php\/wp-json\/wp\/v2\/pages\/68\/revisions"}],"predecessor-version":[{"id":311,"href":"https:\/\/www.buraksuatgorgun.com.tr\/index.php\/wp-json\/wp\/v2\/pages\/68\/revisions\/311"}],"wp:attachment":[{"href":"https:\/\/www.buraksuatgorgun.com.tr\/index.php\/wp-json\/wp\/v2\/media?parent=68"}],"curies":[{"name":"wp","href":"https:\/\/api.w.org\/{rel}","templated":true}]}}